{"id":11777,"date":"2023-12-02T02:32:44","date_gmt":"2023-12-02T00:32:44","guid":{"rendered":"https:\/\/a-priori.ee\/kontakt\/"},"modified":"2025-08-06T00:16:14","modified_gmt":"2025-08-05T21:16:14","slug":"kontakt","status":"publish","type":"page","link":"https:\/\/a-priori.ee\/?page_id=11777","title":{"rendered":"Kontakt"},"content":{"rendered":"\t\t<div data-elementor-type=\"wp-page\" data-elementor-id=\"11777\" class=\"elementor elementor-11777 elementor-807\" data-elementor-post-type=\"page\">\n\t\t\t\t<div class=\"elementor-element elementor-element-83a08fb e-flex e-con-boxed e-con e-parent\" data-id=\"83a08fb\" data-element_type=\"container\" data-settings=\"{&quot;container_type&quot;:&quot;flex&quot;,&quot;content_width&quot;:&quot;boxed&quot;}\" data-core-v316-plus=\"true\">\n\t\t\t\t\t<div class=\"e-con-inner\">\n\t\t<div class=\"elementor-element elementor-element-3750d74 e-con-full e-flex e-con e-child\" data-id=\"3750d74\" data-element_type=\"container\" data-settings=\"{&quot;content_width&quot;:&quot;full&quot;,&quot;container_type&quot;:&quot;flex&quot;}\">\n\t\t\t\t<div class=\"elementor-element elementor-element-96b48ad elementor-widget elementor-widget-image\" data-id=\"96b48ad\" data-element_type=\"widget\" data-widget_type=\"image.default\">\n\t\t\t\t<div class=\"elementor-widget-container\">\n\t\t\t<style>\/*! elementor - v3.19.0 - 07-02-2024 *\/\n.elementor-widget-image{text-align:center}.elementor-widget-image a{display:inline-block}.elementor-widget-image a img[src$=\".svg\"]{width:48px}.elementor-widget-image img{vertical-align:middle;display:inline-block}<\/style>\t\t\t\t\t\t\t\t\t\t<img fetchpriority=\"high\" decoding=\"async\" width=\"1024\" height=\"427\" src=\"https:\/\/a-priori.ee\/wp-content\/uploads\/2025\/08\/scalacity-1024x427.jpg\" class=\"attachment-large size-large wp-image-22725\" alt=\"Kontakt\" srcset=\"https:\/\/a-priori.ee\/wp-content\/uploads\/2025\/08\/scalacity-1024x427.jpg 1024w, https:\/\/a-priori.ee\/wp-content\/uploads\/2025\/08\/scalacity-1070x446.jpg 1070w, https:\/\/a-priori.ee\/wp-content\/uploads\/2025\/08\/scalacity-768x320.jpg 768w, https:\/\/a-priori.ee\/wp-content\/uploads\/2025\/08\/scalacity.jpg 1200w\" sizes=\"(max-width: 1024px) 100vw, 1024px\" title=\"Kontakt\" \/>\t\t\t\t\t\t\t\t\t\t\t\t\t<\/div>\n\t\t\t\t<\/div>\n\t\t\t\t<div class=\"elementor-element elementor-element-cc56a43 elementor-widget elementor-widget-image\" data-id=\"cc56a43\" data-element_type=\"widget\" data-widget_type=\"image.default\">\n\t\t\t\t<div class=\"elementor-widget-container\">\n\t\t\t\t\t\t\t\t\t\t\t\t\t<img decoding=\"async\" width=\"576\" height=\"1024\" src=\"https:\/\/a-priori.ee\/wp-content\/uploads\/2025\/08\/scalacity-enter-576x1024.jpeg\" class=\"attachment-large size-large wp-image-22723\" alt=\"Kontakt\" srcset=\"https:\/\/a-priori.ee\/wp-content\/uploads\/2025\/08\/scalacity-enter-576x1024.jpeg 576w, https:\/\/a-priori.ee\/wp-content\/uploads\/2025\/08\/scalacity-enter-360x640.jpeg 360w, https:\/\/a-priori.ee\/wp-content\/uploads\/2025\/08\/scalacity-enter-768x1365.jpeg 768w, https:\/\/a-priori.ee\/wp-content\/uploads\/2025\/08\/scalacity-enter-864x1536.jpeg 864w, https:\/\/a-priori.ee\/wp-content\/uploads\/2025\/08\/scalacity-enter-1152x2048.jpeg 1152w, https:\/\/a-priori.ee\/wp-content\/uploads\/2025\/08\/scalacity-enter.jpeg 1330w\" sizes=\"(max-width: 576px) 100vw, 576px\" title=\"Kontakt\" \/>\t\t\t\t\t\t\t\t\t\t\t\t\t<\/div>\n\t\t\t\t<\/div>\n\t\t\t\t<div class=\"elementor-element elementor-element-c32900b elementor-widget elementor-widget-image\" data-id=\"c32900b\" data-element_type=\"widget\" data-widget_type=\"image.default\">\n\t\t\t\t<div class=\"elementor-widget-container\">\n\t\t\t\t\t\t\t\t\t\t\t\t\t<img decoding=\"async\" width=\"683\" height=\"1024\" src=\"https:\/\/a-priori.ee\/wp-content\/uploads\/2025\/08\/room-683x1024.jpg\" class=\"attachment-large size-large wp-image-22716\" alt=\"Kontakt\" srcset=\"https:\/\/a-priori.ee\/wp-content\/uploads\/2025\/08\/room-683x1024.jpg 683w, https:\/\/a-priori.ee\/wp-content\/uploads\/2025\/08\/room-427x640.jpg 427w, https:\/\/a-priori.ee\/wp-content\/uploads\/2025\/08\/room-768x1152.jpg 768w, https:\/\/a-priori.ee\/wp-content\/uploads\/2025\/08\/room.jpg 800w\" sizes=\"(max-width: 683px) 100vw, 683px\" title=\"Kontakt\" \/>\t\t\t\t\t\t\t\t\t\t\t\t\t<\/div>\n\t\t\t\t<\/div>\n\t\t\t\t<div class=\"elementor-element elementor-element-d9cee1e elementor-widget elementor-widget-text-editor\" data-id=\"d9cee1e\" data-element_type=\"widget\" data-widget_type=\"text-editor.default\">\n\t\t\t\t<div class=\"elementor-widget-container\">\n\t\t\t<style>\/*! elementor - v3.19.0 - 07-02-2024 *\/\n.elementor-widget-text-editor.elementor-drop-cap-view-stacked .elementor-drop-cap{background-color:#69727d;color:#fff}.elementor-widget-text-editor.elementor-drop-cap-view-framed .elementor-drop-cap{color:#69727d;border:3px solid;background-color:transparent}.elementor-widget-text-editor:not(.elementor-drop-cap-view-default) .elementor-drop-cap{margin-top:8px}.elementor-widget-text-editor:not(.elementor-drop-cap-view-default) .elementor-drop-cap-letter{width:1em;height:1em}.elementor-widget-text-editor .elementor-drop-cap{float:left;text-align:center;line-height:1;font-size:50px}.elementor-widget-text-editor .elementor-drop-cap-letter{display:inline-block}<\/style>\t\t\t\t<h2><strong>\u00a0Meiega saate \u00fchendust v\u00f5tta<\/strong><\/h2><p>\n<div class=\"wpcf7 no-js\" id=\"wpcf7-f11823-o1\" lang=\"et-EE\" dir=\"ltr\">\n<div class=\"screen-reader-response\"><p role=\"status\" aria-live=\"polite\" aria-atomic=\"true\"><\/p> <ul><\/ul><\/div>\n<form action=\"\/index.php?rest_route=%2Fwp%2Fv2%2Fpages%2F11777#wpcf7-f11823-o1\" method=\"post\" class=\"wpcf7-form init\" aria-label=\"Contact form\" novalidate=\"novalidate\" data-status=\"init\">\n<div style=\"display: none;\">\n<input type=\"hidden\" name=\"_wpcf7\" value=\"11823\" \/>\n<input type=\"hidden\" name=\"_wpcf7_version\" value=\"5.8.7\" \/>\n<input type=\"hidden\" name=\"_wpcf7_locale\" value=\"et_EE\" \/>\n<input type=\"hidden\" name=\"_wpcf7_unit_tag\" value=\"wpcf7-f11823-o1\" \/>\n<input type=\"hidden\" name=\"_wpcf7_container_post\" value=\"0\" \/>\n<input type=\"hidden\" name=\"_wpcf7_posted_data_hash\" value=\"\" \/>\n<\/div>\n<p><label> Nimi<br \/>\n<span class=\"wpcf7-form-control-wrap\" data-name=\"your-name\"><input size=\"40\" class=\"wpcf7-form-control wpcf7-text wpcf7-validates-as-required\" autocomplete=\"name\" aria-required=\"true\" aria-invalid=\"false\" value=\"\" type=\"text\" name=\"your-name\" \/><\/span> <\/label>\n<\/p>\n<p><label> E-post<br \/>\n<span class=\"wpcf7-form-control-wrap\" data-name=\"your-email\"><input size=\"40\" class=\"wpcf7-form-control wpcf7-email wpcf7-validates-as-required wpcf7-text wpcf7-validates-as-email\" autocomplete=\"email\" aria-required=\"true\" aria-invalid=\"false\" value=\"\" type=\"email\" name=\"your-email\" \/><\/span> <\/label>\n<\/p>\n<p><label> S\u00f5num<br \/>\n<span class=\"wpcf7-form-control-wrap\" data-name=\"your-message\"><textarea cols=\"40\" rows=\"10\" class=\"wpcf7-form-control wpcf7-textarea\" aria-invalid=\"false\" name=\"your-message\"><\/textarea><\/span> <\/label>\n<\/p>\n<p><input class=\"wpcf7-form-control wpcf7-submit has-spinner\" type=\"submit\" value=\"Saada\" \/>\n<\/p><div class=\"wpcf7-response-output\" aria-hidden=\"true\"><\/div>\n<\/form>\n<\/div>\n<\/p>\t\t\t\t\t\t<\/div>\n\t\t\t\t<\/div>\n\t\t\t\t<\/div>\n\t\t<div class=\"elementor-element elementor-element-d0204db e-flex e-con-boxed e-con e-child\" data-id=\"d0204db\" data-element_type=\"container\" data-settings=\"{&quot;container_type&quot;:&quot;flex&quot;,&quot;content_width&quot;:&quot;boxed&quot;}\">\n\t\t\t\t\t<div class=\"e-con-inner\">\n\t\t\t\t<div class=\"elementor-element elementor-element-e89a385 elementor-widget elementor-widget-text-editor\" data-id=\"e89a385\" data-element_type=\"widget\" data-widget_type=\"text-editor.default\">\n\t\t\t\t<div class=\"elementor-widget-container\">\n\t\t\t\t\t\t\t<p>Alates <strong>1. augustist 2025<\/strong> asub Koolituskeskus linna s\u00fcdames, \u00e4rihoones <strong>Scala City<\/strong> \u2013 vaid m\u00f5ne minuti jalutusk\u00e4igu kaugusel Stockmanni kaubamajast, otse vastu Keskturgu.<\/p><p><strong>ARENDUS- JA KARJ\u00c4\u00c4RIKESKUS A-PRIORI MT\u00dc<\/strong><br \/>reg.nr. 80206840<br \/>EHIS nr. 241183<br \/><span class=\"elementor-icon-list-text\">Tartu mnt.43 (Scala City), Korpus A, 6 korrus, ruumid 6.2, <br \/>10128, Tallinn<\/span><br \/>Tel.: <span class=\"elementor-icon-list-text\">+372 58 21 26 27<\/span><br \/><a href=\"mailto:apriorimtu@gmail.com\"><span class=\"elementor-icon-list-text\">apriorimtu@gmail.com<\/span><\/a><\/p>\t\t\t\t\t\t<\/div>\n\t\t\t\t<\/div>\n\t\t\t\t<div class=\"elementor-element elementor-element-f9c3bfa elementor-widget elementor-widget-text-editor\" data-id=\"f9c3bfa\" data-element_type=\"widget\" data-widget_type=\"text-editor.default\">\n\t\t\t\t<div class=\"elementor-widget-container\">\n\t\t\t\t\t\t\t<h3><strong>Parkimisv\u00f5imalus<\/strong><\/h3><ol><li>Koolituskeskus asub Kesklinna piirkonnas, l\u00e4heduses on tasulised parkimiskohad: n\u00e4iteks Keskturu juures, Kangadzungli poe juures, Bussijaama k\u00f5rval, Hiltoni hotelli juures ja mujal.<\/li><li>Kahe bussipeatuse kaugusel Scala Cityst asub tasuta linna parkla Pargi ja reisi. <a href=\"https:\/\/www.tallinn.ee\/est\/Pargi-ja-Reisi\">Parkimiseeskirjad &gt;&gt;<\/a> <br \/>ja Torupilli Selveri parkla \u2013 2 tundi tasuta (vajalikud on parkimiskellad parkimise algusaja m\u00e4rkimiseks).<\/li><\/ol>\t\t\t\t\t\t<\/div>\n\t\t\t\t<\/div>\n\t\t\t\t<div class=\"elementor-element elementor-element-b389e39 elementor-widget elementor-widget-google_maps\" data-id=\"b389e39\" data-element_type=\"widget\" data-widget_type=\"google_maps.default\">\n\t\t\t\t<div class=\"elementor-widget-container\">\n\t\t\t<style>\/*! elementor - v3.19.0 - 07-02-2024 *\/\n.elementor-widget-google_maps .elementor-widget-container{overflow:hidden}.elementor-widget-google_maps .elementor-custom-embed{line-height:0}.elementor-widget-google_maps iframe{height:300px}<\/style>\t\t<div class=\"elementor-custom-embed\">\n\t\t\t<iframe loading=\"lazy\"\n\t\t\t\t\tsrc=\"https:\/\/maps.google.com\/maps?q=Tartu%20mnt.43%20&#038;t=m&#038;z=15&#038;output=embed&#038;iwloc=near\"\n\t\t\t\t\ttitle=\"Tartu mnt.43 \"\n\t\t\t\t\taria-label=\"Tartu mnt.43 \"\n\t\t\t><\/iframe>\n\t\t<\/div>\n\t\t\t\t<\/div>\n\t\t\t\t<\/div>\n\t\t\t\t\t<\/div>\n\t\t\t\t<\/div>\n\t\t\t\t\t<\/div>\n\t\t\t\t<\/div>\n\t\t\t\t<\/div>\n\t\t","protected":false},"excerpt":{"rendered":"<p>\u00a0Meiega saate \u00fchendust v\u00f5tta Alates 1. augustist 2025 asub Koolituskeskus linna s\u00fcdames, \u00e4rihoones Scala City \u2013 vaid m\u00f5ne minuti jalutusk\u00e4igu kaugusel Stockmanni kaubamajast, otse vastu Keskturgu. ARENDUS- JA KARJ\u00c4\u00c4RIKESKUS A-PRIORI [&hellip;]<\/p>\n","protected":false},"author":1,"featured_media":0,"parent":0,"menu_order":68,"comment_status":"closed","ping_status":"closed","template":"","meta":{"footnotes":""},"acf":[],"_links":{"self":[{"href":"https:\/\/a-priori.ee\/index.php?rest_route=\/wp\/v2\/pages\/11777"}],"collection":[{"href":"https:\/\/a-priori.ee\/index.php?rest_route=\/wp\/v2\/pages"}],"about":[{"href":"https:\/\/a-priori.ee\/index.php?rest_route=\/wp\/v2\/types\/page"}],"author":[{"embeddable":true,"href":"https:\/\/a-priori.ee\/index.php?rest_route=\/wp\/v2\/users\/1"}],"replies":[{"embeddable":true,"href":"https:\/\/a-priori.ee\/index.php?rest_route=%2Fwp%2Fv2%2Fcomments&post=11777"}],"version-history":[{"count":53,"href":"https:\/\/a-priori.ee\/index.php?rest_route=\/wp\/v2\/pages\/11777\/revisions"}],"predecessor-version":[{"id":22751,"href":"https:\/\/a-priori.ee\/index.php?rest_route=\/wp\/v2\/pages\/11777\/revisions\/22751"}],"wp:attachment":[{"href":"https:\/\/a-priori.ee\/index.php?rest_route=%2Fwp%2Fv2%2Fmedia&parent=11777"}],"curies":[{"name":"wp","href":"https:\/\/api.w.org\/{rel}","templated":true}]}}