{"id":24201,"date":"2025-10-16T16:11:07","date_gmt":"2025-10-16T13:11:07","guid":{"rendered":"https:\/\/a-priori.ee\/?page_id=24201"},"modified":"2025-10-22T13:05:41","modified_gmt":"2025-10-22T10:05:41","slug":"sisekorra-eeskirjad-ppekeskuse-territooriumil","status":"publish","type":"page","link":"https:\/\/a-priori.ee\/?page_id=24201","title":{"rendered":"Sisekorra eeskirjad \u00f5ppekeskuse territooriumil"},"content":{"rendered":"\t\t<div data-elementor-type=\"wp-page\" data-elementor-id=\"24201\" class=\"elementor elementor-24201\" data-elementor-post-type=\"page\">\n\t\t\t\t<div class=\"elementor-element elementor-element-6562537 e-flex e-con-boxed e-con e-parent\" data-id=\"6562537\" data-element_type=\"container\" data-settings=\"{&quot;container_type&quot;:&quot;flex&quot;,&quot;content_width&quot;:&quot;boxed&quot;}\" data-core-v316-plus=\"true\">\n\t\t\t\t\t<div class=\"e-con-inner\">\n\t\t\t\t<div class=\"elementor-element elementor-element-6ffba53 elementor-widget elementor-widget-text-editor\" data-id=\"6ffba53\" data-element_type=\"widget\" data-widget_type=\"text-editor.default\">\n\t\t\t\t<div class=\"elementor-widget-container\">\n\t\t\t<style>\/*! elementor - v3.19.0 - 07-02-2024 *\/\n.elementor-widget-text-editor.elementor-drop-cap-view-stacked .elementor-drop-cap{background-color:#69727d;color:#fff}.elementor-widget-text-editor.elementor-drop-cap-view-framed .elementor-drop-cap{color:#69727d;border:3px solid;background-color:transparent}.elementor-widget-text-editor:not(.elementor-drop-cap-view-default) .elementor-drop-cap{margin-top:8px}.elementor-widget-text-editor:not(.elementor-drop-cap-view-default) .elementor-drop-cap-letter{width:1em;height:1em}.elementor-widget-text-editor .elementor-drop-cap{float:left;text-align:center;line-height:1;font-size:50px}.elementor-widget-text-editor .elementor-drop-cap-letter{display:inline-block}<\/style>\t\t\t\t<p><strong>Tere tulemast meie \u00f5ppekeskusesse!<\/strong><\/p><p>Oleme r\u00f5\u00f5msad, tervitamaks \u00f5ppej\u00f5ude ja \u00f5pilasi, kes on oma professionaalsuse kasvuks valinud meid.<\/p><p><strong>Auditooriumid<br \/><\/strong>Meie \u00d5ppekeskuses on kolm \u00f5ppeklassi, mis mugavaks ja efektiivseks \u00f5ppet\u00f6\u00f6ks on varustatud k\u00f5ige vajalikuga. Igas klassis on arvuti(d), projektor v\u00f5i n\u00e4iteekraan, \u00f5pitahvel ja t\u00e4iskasvanud \u00f5pilastele sobiv vastav m\u00f6\u00f6bel. \u00d5ppet\u00f6\u00f6s osalejatele on tasuta Wi-Fi. On olemas garderoob ja tualetid.<\/p><p><strong>Toitlustamise korraldamine<\/strong><\/p><p>\u00d5ppekeskuse l\u00e4hedal on m\u00f5ned kohvikud ja toidukauplus. \u00d5ppekeskuses on olemas k\u00f5ik vajalik toitlustamise korraldamiseks: mikrolaineahi, kohviaparaat, soe ja k\u00fclm vesi, k\u00fclmkapp, teekann, n\u00f5udepesumasin, n\u00f5ud ja tee- ning kohvitarbed.<\/p><p>K\u00f5ik \u00f5ppej\u00f5ud ja \u00f5pilased kasutavad k\u00f6\u00f6ki iseseisvalt. Kui teil tekivad k\u00fcsimused k\u00f6\u00f6gi- v\u00f5i \u00f5ppeseadmete kasutamise osas, siis meie t\u00f6\u00f6tajad aitavad alati.<\/p><p><strong>H\u00fcgieen ja ohutus<\/strong><\/p><p>Anname kaitsemaskid ja desinfitseerimisvahendid nende n\u00f5udmise korral v\u00f5i vastavalt seadusandluse normidele.<\/p><p>Palume, et koristaksite oma \u00f5ppekoha. Saate aidata meid \u00f5pperuumi puhtana ja ohutuna hoidmisel, kui peate kinni j\u00e4rgmistest lihtsatest eeskirjadest:<\/p><ul><li>palun pange mustad n\u00f5ud n\u00f5udepesumasinasse;<br \/>salvr\u00e4tid ja muu pr\u00fcgi pange k\u00f6\u00f6gis olevasse pr\u00fcgi\u00e4mbrisse;<\/li><li>\u00f5ppej\u00f5ud l\u00fclitavad v\u00e4lja arvuti ja puhastavad tahvli;<br \/>kui te muutsite arvuti v\u00f5i lisaseadmete seadistust, siis p\u00e4rast t\u00f6\u00f6 l\u00f5petamist \u00e4rge unustage taastada eelmisi seadistusi;<\/li><li>kui kasutasite programmidesse v\u00f5i teenustesse sisenemiseks oma isiklikke kontosid, siis v\u00e4ljuge nendest.<strong> P\u00f6\u00f6rake t\u00e4helepanu sellele, et \u00d5ppekeskus ei vastuta teie avatud andmete info ohutuse eest.<\/strong><\/li><li>kui \u00f5ppej\u00f5ud l\u00f5petab t\u00f6\u00f6 p\u00e4rast \u00f5ppet\u00f6\u00f6 korraldajate lahkumist, siis kustutab ta tule (kaasa arvatud tualetid), l\u00fclitab sisse signalisatsiooni ja lukustab \u00d5ppekeskuse kontori.<\/li><\/ul><p>Signalisatsiooni kasutamise kord, v\u00f5ti ja telefoninumber erakorraliseks abiks seadmetega tekkinud probleemide t\u00f5ttu antakse \u00f5ppej\u00f5ududele individuaalselt allkirja vastu.<\/p><p><b>K\u00e4itumisreeglid*<\/b><\/p><p>P\u00e4rast \u00f5ppetundide algust peab k\u00f5ikides \u00f5pperuumides ja nendega k\u00fclgnevates ruumides valitsema vaikus ja kord, mis on vajalikud \u00f5ppetundide normaalseks toimumiseks.<\/p><p><b><strong>\u00d5ppekeskuse ruumides ja territooriumil on keelatud<\/strong>:<\/b><\/p><ul><li>suitsetada, kaasa arvatud e-sigarette, suitsetamiskohad on t\u00e4naval suitsetamiseks etten\u00e4htud pr\u00fcgiurnide juures. Enne kui sigareti \u00e4ra viskate, veenduge, et ta on t\u00e4ielikult kustutatud ega p\u00f5hjusta s\u00fcttimist;<\/li><li>olla alkoholi-, narko- v\u00f5i toksilise aine joobes, tuua kaasa ja juua alkohoolseid jooke, levitada, hoida ja tarvitada narkootilisi aineid;<\/li><li>tuua kaasa l\u00f5hkeaineid, kergesti s\u00fcttivaid ja toksilisi aineid, tulirelvi, gaasi- ja k\u00fclmrelvi (v\u00e4lja arvatud juhud, kui on eriluba nende kandmiseks seoses ameti\u00fclesannete t\u00e4itmisega);<\/li><li>rikkuda sanitaar-h\u00fcgieenilisi eeskirju ja norme;<\/li><li>tulla \u00f5ppima lohaka v\u00f5i \u00f5ppekeskkonnale mittesobiva v\u00e4limusega ning kanda riietust ja kasutada atribuutikat, mida teised \u00f5ppimisprotsessi osalejad v\u00f5ivad tajuda hirmutava, \u0161okeeriva, solvava v\u00f5i \u00f5pikeskkonnas ps\u00fchholoogilist ebamugavust tekitavana.\u00a0\u00a0<\/li><li>rikkuda \u00d5ppekeskuse vara v\u00f5i kasutada seda mittesihip\u00e4raselt;<\/li><li>ilma \u00f5ppet\u00f6\u00f6 korraldajatega koosk\u00f5lastamata viibida \u00f5ppeklassides sel ajal, kui tunniplaanis pole sellele grupile \u00f5ppetunde ette n\u00e4htud;<\/li><li>ilma juhtkonna n\u00f5usolekuta viibida ruumides, mis ei ole sellele grupile \u00f5ppet\u00f6\u00f6ks, einetamiseks ja puhkamiseks ette n\u00e4htud;<\/li><li>kasutada materjale, seadmeid, toiduaineid ja muid vahendeid, mis on ette n\u00e4htud \u00f5ppet\u00f6\u00f6ks teisele grupile v\u00f5i on teiste \u00f5pilaste isiklikuks omandiks;<\/li><li>juhtkonna loata paigutada \u00fcmber m\u00f6\u00f6blit ja seadmeid \u00fchest ruumist teise;<\/li><li>juhtkonna loata tegeleda \u00d5ppekeskuse territooriumil kauplemisega, aga ka osutada muid tasulisi teenuseid (remont, laenutus, video- ja helisalvestus jne).<\/li><\/ul><p><b><br \/>K\u00e4itumisreeglid \u00f5ppet\u00f6\u00f6 ajal<\/b><\/p><p>1. \u00d5ppekeskusse tuleb saabuda 10-15 minutit enne tundide algust.<br \/>2. \u00dcleriided tuleb j\u00e4tta garderoobi nagisse. <br \/>3. Teil peavad kaasas olema \u00f5ppet\u00f6\u00f6ks vajalikud tarbed, kui nad on \u00f5ppekavas ette n\u00e4htud v\u00f5i \u00f5ppej\u00f5u poolt m\u00e4\u00e4ratud.<br \/>4. Iga \u00f5ppej\u00f5ud m\u00e4\u00e4rab kindlaks spetsiifilised eeskirjad oma ainetundide l\u00e4biviimiseks, mis ei tohi olla vastuolus \u00d5ppekeskuse kohalike normatiivdokumentidega. Neid eeskirju peavad t\u00e4itma k\u00f5ik \u00f5pilased.<br \/>5. On keelatud kuritarvitada mobiilsidevahendeid \u00f5ppetundide v\u00f5i muude ametlike \u00fcrituste ajal. Soovitav on seada mobiiltelefon vaiksele re\u017eiimile v\u00f5i \u00e4\u00e4rmisel juhul v\u00e4ljuda r\u00e4\u00e4kimiseks auditooriumist.<br \/>6. Palume teid mitte kuritarvitada \u00f5ppetundide ajal auditooriumis liikumisi ilma \u00e4\u00e4rmise vajaduseta. Sagedane klassist v\u00e4ljumine segab \u00f5ppeprotsessi ja h\u00e4irib teisi \u00f5pilasi.<br \/>7. Kui j\u00e4\u00e4te \u00f5ppet\u00f6\u00f6le tulekuga hiljaks, siis palume helistada \u00d5ppekeskusesse ja teatada sellest. \u00d5ppej\u00f5ud ootavad tavaliselt grupi k\u00f5ikide osalejate kohalolekut, kuid mitte \u00fcle 15 minuti p\u00e4rast tunniplaanis n\u00e4idatud tunni algust.<\/p><p><strong>Soovime teile meeldivat ja viljakat t\u00f6\u00f6d!<\/strong><\/p><p>\u00a0 \u00a0 \u00a0 \u00a0 \u00a0 \u00a0 \u00a0 \u00a0 \u00a0 \u00a0 \u00a0 \u00a0 \u00a0 \u00a0 \u00a0 \u00a0 \u00a0 \u00a0 \u00a0 \u00a0 \u00a0 \u00a0 \u00a0 \u00a0 \u00a0 \u00a0 \u00a0 \u00a0 \u00a0 \u00a0 \u00a0 \u00a0 \u00a0 \u00a0 \u00a0 \u00a0 \u00a0 \u00a0 \u00a0 \u00a0\u00d5ppekeskuse juhtkond<\/p><p><strong>\u00d5ppeprotsessiga seotud k\u00fcsimustes v\u00f5ite p\u00f6\u00f6rduda:<\/strong><\/p><p><strong>e-posti aadressil:<\/strong> <a href=\"mailto:contact@mysite.com?subject=Bi-Info%20Koolitus%20site\"><span class=\"elementor-icon-list-text\">apriorimtu@gmail.com<\/span><\/a><br \/><b><strong>telefonil<\/strong>:<\/b> +372 58 21 26 27<br \/><b><strong>aadressil<\/strong>:<\/b> Tartu mnt.43 (Scala City), Korpus A,<br \/>6 korrus, ruumid 6.2, 10128, Tallinn<\/p>\t\t\t\t\t\t<\/div>\n\t\t\t\t<\/div>\n\t\t\t\t\t<\/div>\n\t\t\t\t<\/div>\n\t\t\t\t<\/div>\n\t\t","protected":false},"excerpt":{"rendered":"<p>Tere tulemast meie \u00f5ppekeskusesse! Oleme r\u00f5\u00f5msad, tervitamaks \u00f5ppej\u00f5ude ja \u00f5pilasi, kes on oma professionaalsuse kasvuks valinud meid. AuditooriumidMeie \u00d5ppekeskuses on kolm \u00f5ppeklassi, mis mugavaks ja efektiivseks \u00f5ppet\u00f6\u00f6ks on varustatud k\u00f5ige [&hellip;]<\/p>\n","protected":false},"author":1,"featured_media":0,"parent":0,"menu_order":0,"comment_status":"closed","ping_status":"closed","template":"","meta":{"footnotes":""},"acf":[],"_links":{"self":[{"href":"https:\/\/a-priori.ee\/index.php?rest_route=\/wp\/v2\/pages\/24201"}],"collection":[{"href":"https:\/\/a-priori.ee\/index.php?rest_route=\/wp\/v2\/pages"}],"about":[{"href":"https:\/\/a-priori.ee\/index.php?rest_route=\/wp\/v2\/types\/page"}],"author":[{"embeddable":true,"href":"https:\/\/a-priori.ee\/index.php?rest_route=\/wp\/v2\/users\/1"}],"replies":[{"embeddable":true,"href":"https:\/\/a-priori.ee\/index.php?rest_route=%2Fwp%2Fv2%2Fcomments&post=24201"}],"version-history":[{"count":19,"href":"https:\/\/a-priori.ee\/index.php?rest_route=\/wp\/v2\/pages\/24201\/revisions"}],"predecessor-version":[{"id":24253,"href":"https:\/\/a-priori.ee\/index.php?rest_route=\/wp\/v2\/pages\/24201\/revisions\/24253"}],"wp:attachment":[{"href":"https:\/\/a-priori.ee\/index.php?rest_route=%2Fwp%2Fv2%2Fmedia&parent=24201"}],"curies":[{"name":"wp","href":"https:\/\/api.w.org\/{rel}","templated":true}]}}